{"id":2993,"date":"2015-12-16T09:21:57","date_gmt":"2015-12-16T08:21:57","guid":{"rendered":"http:\/\/www.kamira.es\/?page_id=2993&#038;lang=eu"},"modified":"2019-07-18T10:14:08","modified_gmt":"2019-07-18T08:14:08","slug":"haur-eskolak","status":"publish","type":"page","link":"https:\/\/www.kamira.es\/eu\/haur-eskolak\/","title":{"rendered":"Haur-eskolak"},"content":{"rendered":"","protected":false},"excerpt":{"rendered":"","protected":false},"author":4,"featured_media":2716,"parent":0,"menu_order":0,"comment_status":"closed","ping_status":"closed","template":"","meta":{"footnotes":""},"yoast_head":"<!-- This site is optimized with the Yoast SEO plugin v19.1 - https:\/\/yoast.com\/wordpress\/plugins\/seo\/ -->\n<title>Kamira Coop - educaci\u00f3n, apoyo, asesoramiento y asistencia de ni\u00f1os y ni\u00f1as, j\u00f3venes, mujeres, adultos y familias<\/title>\n<meta name=\"robots\" content=\"index, follow, max-snippet:-1, max-image-preview:large, max-video-preview:-1\" \/>\n<link rel=\"canonical\" href=\"https:\/\/www.kamira.es\/eu\/haur-eskolak\/\" \/>\n<meta property=\"og:locale\" content=\"en_US\" \/>\n<meta property=\"og:type\" content=\"article\" \/>\n<meta property=\"og:title\" content=\"Kamira Coop - educaci\u00f3n, apoyo, asesoramiento y asistencia de ni\u00f1os y ni\u00f1as, j\u00f3venes, mujeres, adultos y familias\" \/>\n<meta property=\"og:url\" content=\"https:\/\/www.kamira.es\/eu\/haur-eskolak\/\" \/>\n<meta property=\"og:site_name\" content=\"Kamira\" \/>\n<meta property=\"article:modified_time\" content=\"2019-07-18T08:14:08+00:00\" \/>\n<meta property=\"og:image\" content=\"https:\/\/www.kamira.es\/wp-content\/uploads\/2015\/10\/cabecera-servicios.jpg\" \/>\n\t<meta property=\"og:image:width\" content=\"1920\" \/>\n\t<meta property=\"og:image:height\" content=\"470\" \/>\n\t<meta property=\"og:image:type\" content=\"image\/jpeg\" \/>\n<meta name=\"twitter:card\" content=\"summary\" \/>\n<script type=\"application\/ld+json\" class=\"yoast-schema-graph\">{\"@context\":\"https:\/\/schema.org\",\"@graph\":[{\"@type\":\"Organization\",\"@id\":\"https:\/\/www.kamira.es\/#organization\",\"name\":\"Cooperativa Kamira\",\"url\":\"https:\/\/www.kamira.es\/\",\"sameAs\":[],\"logo\":{\"@type\":\"ImageObject\",\"inLanguage\":\"eu\",\"@id\":\"https:\/\/www.kamira.es\/#\/schema\/logo\/image\/\",\"url\":\"http:\/\/www.kamira.es\/wp-content\/uploads\/2016\/06\/logo-kamira.png\",\"contentUrl\":\"http:\/\/www.kamira.es\/wp-content\/uploads\/2016\/06\/logo-kamira.png\",\"width\":300,\"height\":108,\"caption\":\"Cooperativa Kamira\"},\"image\":{\"@id\":\"https:\/\/www.kamira.es\/#\/schema\/logo\/image\/\"}},{\"@type\":\"WebSite\",\"@id\":\"https:\/\/www.kamira.es\/#website\",\"url\":\"https:\/\/www.kamira.es\/\",\"name\":\"Kamira\",\"description\":\"\",\"publisher\":{\"@id\":\"https:\/\/www.kamira.es\/#organization\"},\"potentialAction\":[{\"@type\":\"SearchAction\",\"target\":{\"@type\":\"EntryPoint\",\"urlTemplate\":\"https:\/\/www.kamira.es\/?s={search_term_string}\"},\"query-input\":\"required name=search_term_string\"}],\"inLanguage\":\"eu\"},{\"@type\":\"ImageObject\",\"inLanguage\":\"eu\",\"@id\":\"https:\/\/www.kamira.es\/eu\/haur-eskolak\/#primaryimage\",\"url\":\"https:\/\/www.kamira.es\/wp-content\/uploads\/2015\/10\/cabecera-servicios.jpg\",\"contentUrl\":\"https:\/\/www.kamira.es\/wp-content\/uploads\/2015\/10\/cabecera-servicios.jpg\",\"width\":1920,\"height\":470,\"caption\":\"cabecera-servicios\"},{\"@type\":\"WebPage\",\"@id\":\"https:\/\/www.kamira.es\/eu\/haur-eskolak\/#webpage\",\"url\":\"https:\/\/www.kamira.es\/eu\/haur-eskolak\/\",\"name\":\"Kamira Coop - educaci\u00f3n, apoyo, asesoramiento y asistencia de ni\u00f1os y ni\u00f1as, j\u00f3venes, mujeres, adultos y familias\",\"isPartOf\":{\"@id\":\"https:\/\/www.kamira.es\/#website\"},\"primaryImageOfPage\":{\"@id\":\"https:\/\/www.kamira.es\/eu\/haur-eskolak\/#primaryimage\"},\"datePublished\":\"2015-12-16T08:21:57+00:00\",\"dateModified\":\"2019-07-18T08:14:08+00:00\",\"breadcrumb\":{\"@id\":\"https:\/\/www.kamira.es\/eu\/haur-eskolak\/#breadcrumb\"},\"inLanguage\":\"eu\",\"potentialAction\":[{\"@type\":\"ReadAction\",\"target\":[\"https:\/\/www.kamira.es\/eu\/haur-eskolak\/\"]}]},{\"@type\":\"BreadcrumbList\",\"@id\":\"https:\/\/www.kamira.es\/eu\/haur-eskolak\/#breadcrumb\",\"itemListElement\":[{\"@type\":\"ListItem\",\"position\":1,\"name\":\"Portada\",\"item\":\"https:\/\/www.kamira.es\/eu\/\"},{\"@type\":\"ListItem\",\"position\":2,\"name\":\"Haur-eskolak\"}]}]}<\/script>\n<!-- \/ Yoast SEO plugin. -->","yoast_head_json":{"title":"Kamira Coop - educaci\u00f3n, apoyo, asesoramiento y asistencia de ni\u00f1os y ni\u00f1as, j\u00f3venes, mujeres, adultos y familias","robots":{"index":"index","follow":"follow","max-snippet":"max-snippet:-1","max-image-preview":"max-image-preview:large","max-video-preview":"max-video-preview:-1"},"canonical":"https:\/\/www.kamira.es\/eu\/haur-eskolak\/","og_locale":"en_US","og_type":"article","og_title":"Kamira Coop - educaci\u00f3n, apoyo, asesoramiento y asistencia de ni\u00f1os y ni\u00f1as, j\u00f3venes, mujeres, adultos y familias","og_url":"https:\/\/www.kamira.es\/eu\/haur-eskolak\/","og_site_name":"Kamira","article_modified_time":"2019-07-18T08:14:08+00:00","og_image":[{"width":1920,"height":470,"url":"https:\/\/www.kamira.es\/wp-content\/uploads\/2015\/10\/cabecera-servicios.jpg","type":"image\/jpeg"}],"twitter_card":"summary","schema":{"@context":"https:\/\/schema.org","@graph":[{"@type":"Organization","@id":"https:\/\/www.kamira.es\/#organization","name":"Cooperativa Kamira","url":"https:\/\/www.kamira.es\/","sameAs":[],"logo":{"@type":"ImageObject","inLanguage":"eu","@id":"https:\/\/www.kamira.es\/#\/schema\/logo\/image\/","url":"http:\/\/www.kamira.es\/wp-content\/uploads\/2016\/06\/logo-kamira.png","contentUrl":"http:\/\/www.kamira.es\/wp-content\/uploads\/2016\/06\/logo-kamira.png","width":300,"height":108,"caption":"Cooperativa Kamira"},"image":{"@id":"https:\/\/www.kamira.es\/#\/schema\/logo\/image\/"}},{"@type":"WebSite","@id":"https:\/\/www.kamira.es\/#website","url":"https:\/\/www.kamira.es\/","name":"Kamira","description":"","publisher":{"@id":"https:\/\/www.kamira.es\/#organization"},"potentialAction":[{"@type":"SearchAction","target":{"@type":"EntryPoint","urlTemplate":"https:\/\/www.kamira.es\/?s={search_term_string}"},"query-input":"required name=search_term_string"}],"inLanguage":"eu"},{"@type":"ImageObject","inLanguage":"eu","@id":"https:\/\/www.kamira.es\/eu\/haur-eskolak\/#primaryimage","url":"https:\/\/www.kamira.es\/wp-content\/uploads\/2015\/10\/cabecera-servicios.jpg","contentUrl":"https:\/\/www.kamira.es\/wp-content\/uploads\/2015\/10\/cabecera-servicios.jpg","width":1920,"height":470,"caption":"cabecera-servicios"},{"@type":"WebPage","@id":"https:\/\/www.kamira.es\/eu\/haur-eskolak\/#webpage","url":"https:\/\/www.kamira.es\/eu\/haur-eskolak\/","name":"Kamira Coop - educaci\u00f3n, apoyo, asesoramiento y asistencia de ni\u00f1os y ni\u00f1as, j\u00f3venes, mujeres, adultos y familias","isPartOf":{"@id":"https:\/\/www.kamira.es\/#website"},"primaryImageOfPage":{"@id":"https:\/\/www.kamira.es\/eu\/haur-eskolak\/#primaryimage"},"datePublished":"2015-12-16T08:21:57+00:00","dateModified":"2019-07-18T08:14:08+00:00","breadcrumb":{"@id":"https:\/\/www.kamira.es\/eu\/haur-eskolak\/#breadcrumb"},"inLanguage":"eu","potentialAction":[{"@type":"ReadAction","target":["https:\/\/www.kamira.es\/eu\/haur-eskolak\/"]}]},{"@type":"BreadcrumbList","@id":"https:\/\/www.kamira.es\/eu\/haur-eskolak\/#breadcrumb","itemListElement":[{"@type":"ListItem","position":1,"name":"Portada","item":"https:\/\/www.kamira.es\/eu\/"},{"@type":"ListItem","position":2,"name":"Haur-eskolak"}]}]}},"_links":{"self":[{"href":"https:\/\/www.kamira.es\/eu\/wp-json\/wp\/v2\/pages\/2993"}],"collection":[{"href":"https:\/\/www.kamira.es\/eu\/wp-json\/wp\/v2\/pages"}],"about":[{"href":"https:\/\/www.kamira.es\/eu\/wp-json\/wp\/v2\/types\/page"}],"author":[{"embeddable":true,"href":"https:\/\/www.kamira.es\/eu\/wp-json\/wp\/v2\/users\/4"}],"replies":[{"embeddable":true,"href":"https:\/\/www.kamira.es\/eu\/wp-json\/wp\/v2\/comments?post=2993"}],"version-history":[{"count":3,"href":"https:\/\/www.kamira.es\/eu\/wp-json\/wp\/v2\/pages\/2993\/revisions"}],"predecessor-version":[{"id":3081,"href":"https:\/\/www.kamira.es\/eu\/wp-json\/wp\/v2\/pages\/2993\/revisions\/3081"}],"wp:featuredmedia":[{"embeddable":true,"href":"https:\/\/www.kamira.es\/eu\/wp-json\/wp\/v2\/media\/2716"}],"wp:attachment":[{"href":"https:\/\/www.kamira.es\/eu\/wp-json\/wp\/v2\/media?parent=2993"}],"curies":[{"name":"wp","href":"https:\/\/api.w.org\/{rel}","templated":true}]}}