{"id":2995,"date":"2016-01-12T15:44:17","date_gmt":"2016-01-12T14:44:17","guid":{"rendered":"http:\/\/www.kamira.es\/?page_id=2995&#038;lang=eu"},"modified":"2016-05-16T16:24:44","modified_gmt":"2016-05-16T14:24:44","slug":"gizarte-laguntza-emateko-zerbitzuak","status":"publish","type":"page","link":"https:\/\/www.kamira.es\/eu\/gizarte-laguntza-emateko-zerbitzuak\/","title":{"rendered":"Gizarte-laguntza emateko zerbitzuak"},"content":{"rendered":"","protected":false},"excerpt":{"rendered":"","protected":false},"author":4,"featured_media":2828,"parent":0,"menu_order":0,"comment_status":"closed","ping_status":"closed","template":"","meta":{"footnotes":""},"yoast_head":"<!-- This site is optimized with the Yoast SEO plugin v19.1 - https:\/\/yoast.com\/wordpress\/plugins\/seo\/ -->\n<title>Kamira Coop - educaci\u00f3n, apoyo, asesoramiento y asistencia de ni\u00f1os y ni\u00f1as, j\u00f3venes, mujeres, adultos y familias<\/title>\n<meta name=\"robots\" content=\"index, follow, max-snippet:-1, max-image-preview:large, max-video-preview:-1\" \/>\n<link rel=\"canonical\" href=\"https:\/\/www.kamira.es\/eu\/gizarte-laguntza-emateko-zerbitzuak\/\" \/>\n<meta property=\"og:locale\" content=\"en_US\" \/>\n<meta property=\"og:type\" content=\"article\" \/>\n<meta property=\"og:title\" content=\"Kamira Coop - educaci\u00f3n, apoyo, asesoramiento y asistencia de ni\u00f1os y ni\u00f1as, j\u00f3venes, mujeres, adultos y familias\" \/>\n<meta property=\"og:url\" content=\"https:\/\/www.kamira.es\/eu\/gizarte-laguntza-emateko-zerbitzuak\/\" \/>\n<meta property=\"og:site_name\" content=\"Kamira\" \/>\n<meta property=\"article:modified_time\" content=\"2016-05-16T14:24:44+00:00\" \/>\n<meta property=\"og:image\" content=\"https:\/\/www.kamira.es\/wp-content\/uploads\/2016\/01\/cabecera-servicios-sociales.jpg\" \/>\n\t<meta property=\"og:image:width\" content=\"1920\" \/>\n\t<meta property=\"og:image:height\" content=\"1280\" \/>\n\t<meta property=\"og:image:type\" content=\"image\/jpeg\" \/>\n<meta name=\"twitter:card\" content=\"summary\" \/>\n<script type=\"application\/ld+json\" class=\"yoast-schema-graph\">{\"@context\":\"https:\/\/schema.org\",\"@graph\":[{\"@type\":\"Organization\",\"@id\":\"https:\/\/www.kamira.es\/#organization\",\"name\":\"Cooperativa Kamira\",\"url\":\"https:\/\/www.kamira.es\/\",\"sameAs\":[],\"logo\":{\"@type\":\"ImageObject\",\"inLanguage\":\"eu\",\"@id\":\"https:\/\/www.kamira.es\/#\/schema\/logo\/image\/\",\"url\":\"http:\/\/www.kamira.es\/wp-content\/uploads\/2016\/06\/logo-kamira.png\",\"contentUrl\":\"http:\/\/www.kamira.es\/wp-content\/uploads\/2016\/06\/logo-kamira.png\",\"width\":300,\"height\":108,\"caption\":\"Cooperativa Kamira\"},\"image\":{\"@id\":\"https:\/\/www.kamira.es\/#\/schema\/logo\/image\/\"}},{\"@type\":\"WebSite\",\"@id\":\"https:\/\/www.kamira.es\/#website\",\"url\":\"https:\/\/www.kamira.es\/\",\"name\":\"Kamira\",\"description\":\"\",\"publisher\":{\"@id\":\"https:\/\/www.kamira.es\/#organization\"},\"potentialAction\":[{\"@type\":\"SearchAction\",\"target\":{\"@type\":\"EntryPoint\",\"urlTemplate\":\"https:\/\/www.kamira.es\/?s={search_term_string}\"},\"query-input\":\"required name=search_term_string\"}],\"inLanguage\":\"eu\"},{\"@type\":\"ImageObject\",\"inLanguage\":\"eu\",\"@id\":\"https:\/\/www.kamira.es\/eu\/gizarte-laguntza-emateko-zerbitzuak\/#primaryimage\",\"url\":\"https:\/\/www.kamira.es\/wp-content\/uploads\/2016\/01\/cabecera-servicios-sociales.jpg\",\"contentUrl\":\"https:\/\/www.kamira.es\/wp-content\/uploads\/2016\/01\/cabecera-servicios-sociales.jpg\",\"width\":1920,\"height\":1280},{\"@type\":\"WebPage\",\"@id\":\"https:\/\/www.kamira.es\/eu\/gizarte-laguntza-emateko-zerbitzuak\/#webpage\",\"url\":\"https:\/\/www.kamira.es\/eu\/gizarte-laguntza-emateko-zerbitzuak\/\",\"name\":\"Kamira Coop - educaci\u00f3n, apoyo, asesoramiento y asistencia de ni\u00f1os y ni\u00f1as, j\u00f3venes, mujeres, adultos y familias\",\"isPartOf\":{\"@id\":\"https:\/\/www.kamira.es\/#website\"},\"primaryImageOfPage\":{\"@id\":\"https:\/\/www.kamira.es\/eu\/gizarte-laguntza-emateko-zerbitzuak\/#primaryimage\"},\"datePublished\":\"2016-01-12T14:44:17+00:00\",\"dateModified\":\"2016-05-16T14:24:44+00:00\",\"breadcrumb\":{\"@id\":\"https:\/\/www.kamira.es\/eu\/gizarte-laguntza-emateko-zerbitzuak\/#breadcrumb\"},\"inLanguage\":\"eu\",\"potentialAction\":[{\"@type\":\"ReadAction\",\"target\":[\"https:\/\/www.kamira.es\/eu\/gizarte-laguntza-emateko-zerbitzuak\/\"]}]},{\"@type\":\"BreadcrumbList\",\"@id\":\"https:\/\/www.kamira.es\/eu\/gizarte-laguntza-emateko-zerbitzuak\/#breadcrumb\",\"itemListElement\":[{\"@type\":\"ListItem\",\"position\":1,\"name\":\"Portada\",\"item\":\"https:\/\/www.kamira.es\/eu\/\"},{\"@type\":\"ListItem\",\"position\":2,\"name\":\"Gizarte-laguntza emateko zerbitzuak\"}]}]}<\/script>\n<!-- \/ Yoast SEO plugin. -->","yoast_head_json":{"title":"Kamira Coop - educaci\u00f3n, apoyo, asesoramiento y asistencia de ni\u00f1os y ni\u00f1as, j\u00f3venes, mujeres, adultos y familias","robots":{"index":"index","follow":"follow","max-snippet":"max-snippet:-1","max-image-preview":"max-image-preview:large","max-video-preview":"max-video-preview:-1"},"canonical":"https:\/\/www.kamira.es\/eu\/gizarte-laguntza-emateko-zerbitzuak\/","og_locale":"en_US","og_type":"article","og_title":"Kamira Coop - educaci\u00f3n, apoyo, asesoramiento y asistencia de ni\u00f1os y ni\u00f1as, j\u00f3venes, mujeres, adultos y familias","og_url":"https:\/\/www.kamira.es\/eu\/gizarte-laguntza-emateko-zerbitzuak\/","og_site_name":"Kamira","article_modified_time":"2016-05-16T14:24:44+00:00","og_image":[{"width":1920,"height":1280,"url":"https:\/\/www.kamira.es\/wp-content\/uploads\/2016\/01\/cabecera-servicios-sociales.jpg","type":"image\/jpeg"}],"twitter_card":"summary","schema":{"@context":"https:\/\/schema.org","@graph":[{"@type":"Organization","@id":"https:\/\/www.kamira.es\/#organization","name":"Cooperativa Kamira","url":"https:\/\/www.kamira.es\/","sameAs":[],"logo":{"@type":"ImageObject","inLanguage":"eu","@id":"https:\/\/www.kamira.es\/#\/schema\/logo\/image\/","url":"http:\/\/www.kamira.es\/wp-content\/uploads\/2016\/06\/logo-kamira.png","contentUrl":"http:\/\/www.kamira.es\/wp-content\/uploads\/2016\/06\/logo-kamira.png","width":300,"height":108,"caption":"Cooperativa Kamira"},"image":{"@id":"https:\/\/www.kamira.es\/#\/schema\/logo\/image\/"}},{"@type":"WebSite","@id":"https:\/\/www.kamira.es\/#website","url":"https:\/\/www.kamira.es\/","name":"Kamira","description":"","publisher":{"@id":"https:\/\/www.kamira.es\/#organization"},"potentialAction":[{"@type":"SearchAction","target":{"@type":"EntryPoint","urlTemplate":"https:\/\/www.kamira.es\/?s={search_term_string}"},"query-input":"required name=search_term_string"}],"inLanguage":"eu"},{"@type":"ImageObject","inLanguage":"eu","@id":"https:\/\/www.kamira.es\/eu\/gizarte-laguntza-emateko-zerbitzuak\/#primaryimage","url":"https:\/\/www.kamira.es\/wp-content\/uploads\/2016\/01\/cabecera-servicios-sociales.jpg","contentUrl":"https:\/\/www.kamira.es\/wp-content\/uploads\/2016\/01\/cabecera-servicios-sociales.jpg","width":1920,"height":1280},{"@type":"WebPage","@id":"https:\/\/www.kamira.es\/eu\/gizarte-laguntza-emateko-zerbitzuak\/#webpage","url":"https:\/\/www.kamira.es\/eu\/gizarte-laguntza-emateko-zerbitzuak\/","name":"Kamira Coop - educaci\u00f3n, apoyo, asesoramiento y asistencia de ni\u00f1os y ni\u00f1as, j\u00f3venes, mujeres, adultos y familias","isPartOf":{"@id":"https:\/\/www.kamira.es\/#website"},"primaryImageOfPage":{"@id":"https:\/\/www.kamira.es\/eu\/gizarte-laguntza-emateko-zerbitzuak\/#primaryimage"},"datePublished":"2016-01-12T14:44:17+00:00","dateModified":"2016-05-16T14:24:44+00:00","breadcrumb":{"@id":"https:\/\/www.kamira.es\/eu\/gizarte-laguntza-emateko-zerbitzuak\/#breadcrumb"},"inLanguage":"eu","potentialAction":[{"@type":"ReadAction","target":["https:\/\/www.kamira.es\/eu\/gizarte-laguntza-emateko-zerbitzuak\/"]}]},{"@type":"BreadcrumbList","@id":"https:\/\/www.kamira.es\/eu\/gizarte-laguntza-emateko-zerbitzuak\/#breadcrumb","itemListElement":[{"@type":"ListItem","position":1,"name":"Portada","item":"https:\/\/www.kamira.es\/eu\/"},{"@type":"ListItem","position":2,"name":"Gizarte-laguntza emateko zerbitzuak"}]}]}},"_links":{"self":[{"href":"https:\/\/www.kamira.es\/eu\/wp-json\/wp\/v2\/pages\/2995"}],"collection":[{"href":"https:\/\/www.kamira.es\/eu\/wp-json\/wp\/v2\/pages"}],"about":[{"href":"https:\/\/www.kamira.es\/eu\/wp-json\/wp\/v2\/types\/page"}],"author":[{"embeddable":true,"href":"https:\/\/www.kamira.es\/eu\/wp-json\/wp\/v2\/users\/4"}],"replies":[{"embeddable":true,"href":"https:\/\/www.kamira.es\/eu\/wp-json\/wp\/v2\/comments?post=2995"}],"version-history":[{"count":3,"href":"https:\/\/www.kamira.es\/eu\/wp-json\/wp\/v2\/pages\/2995\/revisions"}],"predecessor-version":[{"id":3115,"href":"https:\/\/www.kamira.es\/eu\/wp-json\/wp\/v2\/pages\/2995\/revisions\/3115"}],"wp:featuredmedia":[{"embeddable":true,"href":"https:\/\/www.kamira.es\/eu\/wp-json\/wp\/v2\/media\/2828"}],"wp:attachment":[{"href":"https:\/\/www.kamira.es\/eu\/wp-json\/wp\/v2\/media?parent=2995"}],"curies":[{"name":"wp","href":"https:\/\/api.w.org\/{rel}","templated":true}]}}